{"id":783,"date":"2020-03-16T10:15:02","date_gmt":"2020-03-16T10:15:02","guid":{"rendered":"https:\/\/www.orr-arquitectura.es\/enlaces-de-interes\/"},"modified":"2023-11-27T17:23:13","modified_gmt":"2023-11-27T17:23:13","slug":"useful-links","status":"publish","type":"page","link":"https:\/\/www.orr-arquitectura.es\/en\/useful-links\/","title":{"rendered":"Useful Links"},"content":{"rendered":"<div  class=\"parallax \" data-image=\"https:\/\/www.orr-arquitectura.es\/wp-content\/uploads\/P-Useful-Links-image-header.jpg\" data-width=\"1920\" data-height=\"900\" style=\"height:200px; \"><\/div>\n<div  class=\"one withsmallpadding ppb_text\" style=\"padding:30px 0 30px 0;\" >\n<div class=\"standard_wrapper\">\n<div class=\"page_content_wrapper\">\n<div class=\"inner\">\n<div style=\"margin:auto;width:100%\">\n<h1 style=\"text-align: left;\"><em>Useful Links<\/em><\/h1>\n<p><span style=\"color: #dddddd;\">&#8212;-<\/span><\/p>\n<p style=\"text-align: left;\"><em>Oficina Municipal de Urbanismo de Chiclana de la Frontera. <span style=\"color: #dd3333;\"><a style=\"color: #dd3333;\" href=\"https:\/\/www.chiclana.es\/areas-municipales\/urbanismo-obra-y-vivienda\/urbanismo?\" target=\"_blank\" rel=\"nofollow noopener noreferrer\">Link<\/a><\/span><br \/>\n<\/em><\/p>\n<p style=\"text-align: left;\"><em>Colegio Oficial de Arquitectos de C\u00e1diz (COA C\u00e1diz). <span style=\"color: #dd3333;\"><a style=\"color: #dd3333;\" href=\"https:\/\/www.arquitectosdecadiz.com\/\" target=\"_blank\" rel=\"nofollow noopener noreferrer\">Link<\/a><\/span><br \/>\n<\/em><\/p>\n<p style=\"text-align: left;\"><em>Consejo Superior de Colegios de Arquitectos de Espa\u00f1a (CSCAE). <span style=\"color: #dd3333;\"><a style=\"color: #dd3333;\" href=\"https:\/\/www.cscae.com\/\" target=\"_blank\" rel=\"nofollow noopener noreferrer\">Link<\/a><\/span><\/em><\/p>\n<p style=\"text-align: left;\"><em>Agencia de Vivienda y Rehabilitaci\u00f3n en Andaluc\u00eda. Consejer\u00eda de Fomento y Vivienda. <span style=\"color: #dd3333;\"><a style=\"color: #dd3333;\" href=\"https:\/\/www.juntadeandalucia.es\/avra\/\" target=\"_blank\" rel=\"nofollow noopener noreferrer\">Link<\/a><\/span><br \/>\n<\/em><\/p>\n<p>Instituto para la Diversificaci\u00f3n y Ahorro de la Energ\u00eda (IDAE). Ministerio de Energ\u00eda, Industria y Turismo. <span style=\"color: #dd3333;\"><a style=\"color: #dd3333;\" href=\"https:\/\/www.idae.es\/\" target=\"_blank\" rel=\"nofollow noopener noreferrer\">Link<\/a><\/span><\/p>\n<\/div>\n<\/div>\n<\/div>\n<\/div>\n<\/div>\n<div class=\"standard_wrapper\">\n<div  class=\"one\" style=\"padding:30px 0 30px 0;\" >\n<div class=\"page_content_wrapper\">\n<div class=\"inner\">\n<div class=\"image_classic_frame expand animate\">\n<div class=\"image_wrapper\"><a href=\"https:\/\/www.orr-arquitectura.es\/wp-content\/uploads\/P-Useful-Links-image-footer.png\" class=\"img_frame\"><img decoding=\"async\" src=\"https:\/\/www.orr-arquitectura.es\/wp-content\/uploads\/P-Useful-Links-image-footer.png\" alt=\"\" class=\"portfolio_img\"\/><\/a><\/div>\n<\/div>\n<\/div>\n<\/div>\n<\/div>\n<\/div>\n","protected":false},"excerpt":{"rendered":"<p>Useful Links &#8212;- Oficina Municipal de Urbanismo de Chiclana de la Frontera. Link Colegio Oficial de Arquitectos de C\u00e1diz (COA C\u00e1diz). Link Consejo Superior de Colegios de Arquitectos de Espa\u00f1a (CSCAE). Link Agencia de Vivienda y Rehabilitaci\u00f3n en Andaluc\u00eda. Consejer\u00eda [&hellip;]<\/p>\n","protected":false},"author":1,"featured_media":0,"parent":0,"menu_order":0,"comment_status":"closed","ping_status":"closed","template":"","meta":{"footnotes":""},"class_list":["post-783","page","type-page","status-publish","hentry"],"_links":{"self":[{"href":"https:\/\/www.orr-arquitectura.es\/en\/wp-json\/wp\/v2\/pages\/783","targetHints":{"allow":["GET"]}}],"collection":[{"href":"https:\/\/www.orr-arquitectura.es\/en\/wp-json\/wp\/v2\/pages"}],"about":[{"href":"https:\/\/www.orr-arquitectura.es\/en\/wp-json\/wp\/v2\/types\/page"}],"author":[{"embeddable":true,"href":"https:\/\/www.orr-arquitectura.es\/en\/wp-json\/wp\/v2\/users\/1"}],"replies":[{"embeddable":true,"href":"https:\/\/www.orr-arquitectura.es\/en\/wp-json\/wp\/v2\/comments?post=783"}],"version-history":[{"count":19,"href":"https:\/\/www.orr-arquitectura.es\/en\/wp-json\/wp\/v2\/pages\/783\/revisions"}],"predecessor-version":[{"id":1410,"href":"https:\/\/www.orr-arquitectura.es\/en\/wp-json\/wp\/v2\/pages\/783\/revisions\/1410"}],"wp:attachment":[{"href":"https:\/\/www.orr-arquitectura.es\/en\/wp-json\/wp\/v2\/media?parent=783"}],"curies":[{"name":"wp","href":"https:\/\/api.w.org\/{rel}","templated":true}]}}