{"id":541,"date":"2020-03-02T11:20:30","date_gmt":"2020-03-02T11:20:30","guid":{"rendered":"https:\/\/www.orr-arquitectura.es\/quienes-somos\/"},"modified":"2023-08-31T08:57:48","modified_gmt":"2023-08-31T08:57:48","slug":"quienes-somos","status":"publish","type":"page","link":"https:\/\/www.orr-arquitectura.es\/fr\/","title":{"rendered":"Qui sommes-nous?"},"content":{"rendered":"<div  class=\"one withsmallpadding ppb_text\" style=\"padding:30px 0 30px 0;\" >\n<div class=\"standard_wrapper\">\n<div class=\"page_content_wrapper\">\n<div class=\"inner\">\n<div style=\"margin:auto;width:100%\">\n<h1 style=\"text-align: left;\"><em>Qui sommes-nous?<\/em><\/h1>\n<p><span style=\"color: #dddddd;\">&#8212;-<\/span><\/p>\n<p>Nous sommes un bureau d\u2019architecture ouvert depuis 2001, compos\u00e9 d\u2019Oliver et Javier Rodr\u00edguez. Notre bureau est bas\u00e9 \u00e0 Chiclana de la Frontera, dans la province de Cadix, au beau milieu de la Costa de la Luz (\u2018C\u00f4te de la Lumi\u00e8re\u2019), en Andalousie.<\/p>\n<p>Pendant toutes ces ann\u00e9es, nous nous sommes d\u00e9di\u00e9s \u00e0 l\u2019\u00e9laboration et au suivi de toutes sortes de projets, ainsi que d\u2019autres documents pour lesquels en Espagne, le titre d\u2019architecture et d\u2019architecture technique ont les comp\u00e9tences.<\/p>\n<p>Nous travaillons du dessin du projet d\u2019\u00e9dification (neuf ou remis a neuf), au suivi des chantiers, l\u2019\u00e9laboration des budgets et le calcul des structures et des installations, en passant par les documents propres de l\u2019am\u00e9nagement du territoire, mais \u00e9galement des certificats ou des rapports de types divers.<\/p>\n<p>Notre travail reste caract\u00e9ris\u00e9 depuis tout ce temps par la coh\u00e9rence documentaire des projets, l\u2019accomplissement des d\u00e9lais convenus avec le client, ainsi que le suivi continu des d\u00e9marches avec l\u2019administration et les contr\u00f4les d\u2019\u0153uvres sur le terrain.<\/p>\n<p>\u00a0<\/p>\n<p style=\"text-align: left;\"><em><strong>Oliver Rodr\u00edguez<\/strong><\/em><br \/>\nArchitecte ETSA de S\u00e9ville, sp\u00e9cialis\u00e9 en \u00e9dification(CEC*\/7).<br \/>\nArchitecte COA C\u00e1diz n\u00ba493.<br \/>\nExer\u00e7ant depuis 2001.<\/p>\n<p style=\"text-align: left;\"><em><strong>Javier Rodr\u00edguez<\/strong><\/em><br \/>\nArchitecte Technique Universidad Alfonso X el Sabio de Madrid (CEC*\/6).<br \/>\nIng\u00e9nieur des B\u00e2timent Universidad Camilo Jos\u00e9 Cela de Madrid.<br \/>\nArchitecte Technique COAAT C\u00e1diz n\u00ba2163.<br \/>\nExer\u00e7ant depuis 2000.<\/p>\n<p><em> <small>*Cadre Europ\u00e9en de Certifications.<\/small><\/em><\/p>\n<\/div>\n<\/div>\n<\/div>\n<\/div>\n<\/div>\n<div  class=\"one withsmallpadding ppb_text\" style=\"padding:30px 0 30px 0;\" >\n<div class=\"standard_wrapper\">\n<div class=\"page_content_wrapper\">\n<div class=\"inner\">\n<div style=\"margin:auto;width:100%\">\n<h1 style=\"text-align: left;\"><em>Qui sommes-nous?<\/em><\/h1>\n<p><span style=\"color: #dddddd;\">&#8212;-<\/span><\/p>\n<p>Nous sommes un bureau d\u2019architecture ouvert depuis 2001, compos\u00e9 d\u2019Oliver et Javier Rodr\u00edguez. Notre bureau est bas\u00e9 \u00e0 Chiclana de la Frontera, dans la province de Cadix, au beau milieu de la Costa de la Luz (\u2018C\u00f4te de la Lumi\u00e8re\u2019), en Andalousie.<\/p>\n<p>Pendant toutes ces ann\u00e9es, nous nous sommes d\u00e9di\u00e9s \u00e0 l\u2019\u00e9laboration et au suivi de toutes sortes de projets, ainsi que d\u2019autres documents pour lesquels en Espagne, le titre d\u2019architecture et d\u2019architecture technique ont les comp\u00e9tences.<\/p>\n<p>Nous travaillons du dessin du projet d\u2019\u00e9dification (neuf ou remis a neuf), au suivi des chantiers, l\u2019\u00e9laboration des budgets et le calcul des structures et des installations, en passant par les documents propres de l\u2019am\u00e9nagement du territoire, mais \u00e9galement des certificats ou des rapports de types divers.<\/p>\n<p>Notre travail reste caract\u00e9ris\u00e9 depuis tout ce temps par la coh\u00e9rence documentaire des projets, l\u2019accomplissement des d\u00e9lais convenus avec le client, ainsi que le suivi continu des d\u00e9marches avec l\u2019administration et les contr\u00f4les d\u2019\u0153uvres sur le terrain.<\/p>\n<p>\u00a0<\/p>\n<p style=\"text-align: left;\"><em><strong>Oliver Rodr\u00edguez<\/strong><\/em><br \/>\nArchitecte ETSA de S\u00e9ville, sp\u00e9cialis\u00e9 en \u00e9dification(CEC*\/7).<br \/>\nArchitecte COA C\u00e1diz n\u00ba493.<br \/>\nExer\u00e7ant depuis 2001.<\/p>\n<p style=\"text-align: left;\"><em><strong>Javier Rodr\u00edguez<\/strong><\/em><br \/>\nArchitecte Technique Universidad Alfonso X el Sabio de Madrid (CEC*\/6).<br \/>\nIng\u00e9nieur des B\u00e2timent Universidad Camilo Jos\u00e9 Cela de Madrid.<br \/>\nArchitecte Technique COAAT C\u00e1diz n\u00ba2163.<br \/>\nExer\u00e7ant depuis 2000.<\/p>\n<p><em> <small>*Cadre Europ\u00e9en de Certifications.<\/small><\/em><\/p>\n<\/div>\n<\/div>\n<\/div>\n<\/div>\n<\/div>\n","protected":false},"excerpt":{"rendered":"<p>Qui sommes-nous? &#8212;- Nous sommes un bureau d\u2019architecture ouvert depuis 2001, compos\u00e9 d\u2019Oliver et Javier Rodr\u00edguez. Notre bureau est bas\u00e9 \u00e0 Chiclana de la Frontera, dans la province de Cadix, au beau milieu de la Costa de la Luz (\u2018C\u00f4te [&hellip;]<\/p>\n","protected":false},"author":1,"featured_media":1093,"parent":0,"menu_order":0,"comment_status":"closed","ping_status":"closed","template":"","meta":{"footnotes":""},"class_list":["post-541","page","type-page","status-publish","has-post-thumbnail","hentry"],"_links":{"self":[{"href":"https:\/\/www.orr-arquitectura.es\/fr\/wp-json\/wp\/v2\/pages\/541","targetHints":{"allow":["GET"]}}],"collection":[{"href":"https:\/\/www.orr-arquitectura.es\/fr\/wp-json\/wp\/v2\/pages"}],"about":[{"href":"https:\/\/www.orr-arquitectura.es\/fr\/wp-json\/wp\/v2\/types\/page"}],"author":[{"embeddable":true,"href":"https:\/\/www.orr-arquitectura.es\/fr\/wp-json\/wp\/v2\/users\/1"}],"replies":[{"embeddable":true,"href":"https:\/\/www.orr-arquitectura.es\/fr\/wp-json\/wp\/v2\/comments?post=541"}],"version-history":[{"count":32,"href":"https:\/\/www.orr-arquitectura.es\/fr\/wp-json\/wp\/v2\/pages\/541\/revisions"}],"predecessor-version":[{"id":1328,"href":"https:\/\/www.orr-arquitectura.es\/fr\/wp-json\/wp\/v2\/pages\/541\/revisions\/1328"}],"wp:featuredmedia":[{"embeddable":true,"href":"https:\/\/www.orr-arquitectura.es\/fr\/wp-json\/wp\/v2\/media\/1093"}],"wp:attachment":[{"href":"https:\/\/www.orr-arquitectura.es\/fr\/wp-json\/wp\/v2\/media?parent=541"}],"curies":[{"name":"wp","href":"https:\/\/api.w.org\/{rel}","templated":true}]}}