{"id":554,"date":"2020-03-03T11:33:01","date_gmt":"2020-03-03T11:33:01","guid":{"rendered":"https:\/\/www.orr-arquitectura.es\/trabajos-realizados\/"},"modified":"2023-09-12T14:02:30","modified_gmt":"2023-09-12T14:02:30","slug":"travaux-realises","status":"publish","type":"page","link":"https:\/\/www.orr-arquitectura.es\/fr\/travaux-realises\/","title":{"rendered":"Travaux r\u00e9alis\u00e9s"},"content":{"rendered":"<div  class=\"parallax \" data-image=\"https:\/\/www.orr-arquitectura.es\/wp-content\/uploads\/P-Our-Projects-image-header.png\" data-width=\"1920\" data-height=\"900\" style=\"height:200px; \"><\/div>\n<div  class=\"one withsmallpadding ppb_text\" style=\"padding:30px 0 30px 0;\" >\n<div class=\"standard_wrapper\">\n<div class=\"page_content_wrapper\">\n<div class=\"inner\">\n<div style=\"margin:auto;width:100%\">\n<h1 style=\"text-align: left;\"><em>Travaux R\u00e9alis\u00e9s<\/em><\/h1>\n<p><span style=\"color: #dddddd;\">&#8212;-<\/span><\/p>\n<p style=\"text-align: left;\"><em>Voici un petit portfolio avec quelques ouvrages r\u00e9alis\u00e9s.<br \/>\nEn esp\u00e9rant qu\u2019ils vous plairont.<br \/>\n<\/em><\/p>\n<\/div>\n<\/div>\n<\/div>\n<\/div>\n<\/div>\n<div  class=\"ppb_portfolio one nopadding \" >\n<div class=\"page_content_wrapper \">\n<div class=\"standard_wrapper\">\n<div id=\"16945273501968110452\" class=\"portfolio_filter_wrapper gallery portfolio-content section content clearfix three_cols contain\">\n<div class=\"element classic3_cols\">\n<div class=\"one_third gallery3 filterable static animated1 portfolio_type\"><a href=\"https:\/\/www.orr-arquitectura.es\/fr\/portfolios\/14-viviendas-en-hilera\/\"><img decoding=\"async\" src=\"https:\/\/www.orr-arquitectura.es\/wp-content\/uploads\/\/Prueba_13r-705x529.jpg\" alt=\"14 Maisons en Rang\u00e9e\"\/><\/p>\n<div id=\"portfolio_desc_1121\" class=\"portfolio_title\">\n<div class=\"table\">\n<div class=\"cell\">\n<h5>14 Maisons en Rang\u00e9e<\/h5>\n<div class=\"post_detail\"><\/div>\n<\/p><\/div>\n<\/p><\/div>\n<\/p><\/div>\n<p><\/a><\/div>\n<\/div>\n<div class=\"element classic3_cols\">\n<div class=\"one_third gallery3 filterable static animated2 portfolio_type\"><a href=\"https:\/\/www.orr-arquitectura.es\/fr\/portfolios\/38-viviendas-vpo\/\"><img decoding=\"async\" src=\"https:\/\/www.orr-arquitectura.es\/wp-content\/uploads\/\/C_03b-705x529.jpg\" alt=\"38 logements HLM\"\/><\/p>\n<div id=\"portfolio_desc_1101\" class=\"portfolio_title\">\n<div class=\"table\">\n<div class=\"cell\">\n<h5>38 logements HLM<\/h5>\n<div class=\"post_detail\"><\/div>\n<\/p><\/div>\n<\/p><\/div>\n<\/p><\/div>\n<p><\/a><\/div>\n<\/div>\n<div class=\"element classic3_cols\">\n<div class=\"one_third gallery3 filterable static animated3 portfolio_type\"><a href=\"https:\/\/www.orr-arquitectura.es\/fr\/portfolios\/1038-portfolio\/\"><img decoding=\"async\" src=\"https:\/\/www.orr-arquitectura.es\/wp-content\/uploads\/\/C_01_Completa_2-705x529.jpg\" alt=\"Maison Individuelle\"\/><\/p>\n<div id=\"portfolio_desc_1068\" class=\"portfolio_title\">\n<div class=\"table\">\n<div class=\"cell\">\n<h5>Maison Individuelle<\/h5>\n<div class=\"post_detail\"><\/div>\n<\/p><\/div>\n<\/p><\/div>\n<\/p><\/div>\n<p><\/a><\/div>\n<\/div>\n<div class=\"element classic3_cols\">\n<div class=\"one_third gallery3 filterable static animated4 portfolio_type\"><a href=\"https:\/\/www.orr-arquitectura.es\/fr\/portfolios\/1018-portfolio\/\"><img decoding=\"async\" src=\"https:\/\/www.orr-arquitectura.es\/wp-content\/uploads\/\/1018-ph-07-480x529.jpg\" alt=\"7 Logements\"\/><\/p>\n<div id=\"portfolio_desc_548\" class=\"portfolio_title\">\n<div class=\"table\">\n<div class=\"cell\">\n<h5>7 Logements<\/h5>\n<div class=\"post_detail\"><\/div>\n<\/p><\/div>\n<\/p><\/div>\n<\/p><\/div>\n<p><\/a><\/div>\n<\/div>\n<div class=\"element classic3_cols\">\n<div class=\"one_third gallery3 filterable static animated5 portfolio_type\"><a href=\"https:\/\/www.orr-arquitectura.es\/fr\/portfolios\/1011-portfolio\/\"><img decoding=\"async\" src=\"https:\/\/www.orr-arquitectura.es\/wp-content\/uploads\/\/1011-ph-05-480x529.jpg\" alt=\"Maison Individuelle\"\/><\/p>\n<div id=\"portfolio_desc_573\" class=\"portfolio_title\">\n<div class=\"table\">\n<div class=\"cell\">\n<h5>Maison Individuelle<\/h5>\n<div class=\"post_detail\"><\/div>\n<\/p><\/div>\n<\/p><\/div>\n<\/p><\/div>\n<p><\/a><\/div>\n<\/div>\n<div class=\"element classic3_cols\">\n<div class=\"one_third gallery3 filterable static animated6 portfolio_type\"><a href=\"https:\/\/www.orr-arquitectura.es\/fr\/portfolios\/0963-portfolio\/\"><img decoding=\"async\" src=\"https:\/\/www.orr-arquitectura.es\/wp-content\/uploads\/0963-ph-02.jpg\" alt=\"17 Logements\"\/><\/p>\n<div id=\"portfolio_desc_575\" class=\"portfolio_title\">\n<div class=\"table\">\n<div class=\"cell\">\n<h5>17 Logements<\/h5>\n<div class=\"post_detail\"><\/div>\n<\/p><\/div>\n<\/p><\/div>\n<\/p><\/div>\n<p><\/a><\/div>\n<\/div>\n<div class=\"element classic3_cols\">\n<div class=\"one_third gallery3 filterable static animated7 portfolio_type\"><a href=\"https:\/\/www.orr-arquitectura.es\/fr\/portfolios\/0988-portfolio\/\"><img decoding=\"async\" src=\"https:\/\/www.orr-arquitectura.es\/wp-content\/uploads\/0988-ph-14.jpg\" alt=\"Remise en \u00c9tat de Ferme Andalouse\"\/><\/p>\n<div id=\"portfolio_desc_577\" class=\"portfolio_title\">\n<div class=\"table\">\n<div class=\"cell\">\n<h5>Remise en \u00c9tat de Ferme Andalouse<\/h5>\n<div class=\"post_detail\"><\/div>\n<\/p><\/div>\n<\/p><\/div>\n<\/p><\/div>\n<p><\/a><\/div>\n<\/div>\n<div class=\"element classic3_cols\">\n<div class=\"one_third gallery3 filterable static animated8 portfolio_type\"><a href=\"https:\/\/www.orr-arquitectura.es\/fr\/portfolios\/0882-portfolio\/\"><img decoding=\"async\" src=\"https:\/\/www.orr-arquitectura.es\/wp-content\/uploads\/\/0882-ph-02-480x529.jpg\" alt=\"Bureau et Maison\"\/><\/p>\n<div id=\"portfolio_desc_580\" class=\"portfolio_title\">\n<div class=\"table\">\n<div class=\"cell\">\n<h5>Bureau et Maison<\/h5>\n<div class=\"post_detail\"><\/div>\n<\/p><\/div>\n<\/p><\/div>\n<\/p><\/div>\n<p><\/a><\/div>\n<\/div>\n<div class=\"element classic3_cols\">\n<div class=\"one_third gallery3 filterable static animated9 portfolio_type\"><a href=\"https:\/\/www.orr-arquitectura.es\/fr\/portfolios\/0905-portfolio\/\"><img decoding=\"async\" src=\"https:\/\/www.orr-arquitectura.es\/wp-content\/uploads\/0905-ph-16.jpg\" alt=\"198 Appartements\"\/><\/p>\n<div id=\"portfolio_desc_582\" class=\"portfolio_title\">\n<div class=\"table\">\n<div class=\"cell\">\n<h5>198 Appartements<\/h5>\n<div class=\"post_detail\"><\/div>\n<\/p><\/div>\n<\/p><\/div>\n<\/p><\/div>\n<p><\/a><\/div>\n<\/div>\n<div class=\"element classic3_cols\">\n<div class=\"one_third gallery3 filterable static animated10 portfolio_type\"><a href=\"https:\/\/www.orr-arquitectura.es\/fr\/portfolios\/1027-portfolio\/\"><img decoding=\"async\" src=\"https:\/\/www.orr-arquitectura.es\/wp-content\/uploads\/\/1027-ph-05-480x529.jpg\" alt=\"Maison Individuelle\"\/><\/p>\n<div id=\"portfolio_desc_584\" class=\"portfolio_title\">\n<div class=\"table\">\n<div class=\"cell\">\n<h5>Maison Individuelle<\/h5>\n<div class=\"post_detail\"><\/div>\n<\/p><\/div>\n<\/p><\/div>\n<\/p><\/div>\n<p><\/a><\/div>\n<\/div>\n<\/div>\n<\/div>\n<\/div>\n<\/div>\n<div class=\"standard_wrapper\">\n<div  class=\"one\" style=\"padding:30px 0 30px 0;\" >\n<div class=\"page_content_wrapper\">\n<div class=\"inner\">\n<div class=\"image_classic_frame expand animate\">\n<div class=\"image_wrapper\"><a href=\"https:\/\/www.orr-arquitectura.es\/wp-content\/uploads\/P-Our-Projects-image-footer.png\" class=\"img_frame\"><img decoding=\"async\" src=\"https:\/\/www.orr-arquitectura.es\/wp-content\/uploads\/P-Our-Projects-image-footer.png\" alt=\"\" class=\"portfolio_img\"\/><\/a><\/div>\n<\/div>\n<\/div>\n<\/div>\n<\/div>\n<\/div>\n","protected":false},"excerpt":{"rendered":"<p>Travaux R\u00e9alis\u00e9s &#8212;- Voici un petit portfolio avec quelques ouvrages r\u00e9alis\u00e9s. En esp\u00e9rant qu\u2019ils vous plairont. 14 Maisons en Rang\u00e9e 38 logements HLM Maison Individuelle 7 Logements Maison Individuelle 17 Logements Remise en \u00c9tat de Ferme Andalouse Bureau et Maison [&hellip;]<\/p>\n","protected":false},"author":1,"featured_media":1047,"parent":0,"menu_order":0,"comment_status":"closed","ping_status":"closed","template":"","meta":{"footnotes":""},"class_list":["post-554","page","type-page","status-publish","has-post-thumbnail","hentry"],"_links":{"self":[{"href":"https:\/\/www.orr-arquitectura.es\/fr\/wp-json\/wp\/v2\/pages\/554","targetHints":{"allow":["GET"]}}],"collection":[{"href":"https:\/\/www.orr-arquitectura.es\/fr\/wp-json\/wp\/v2\/pages"}],"about":[{"href":"https:\/\/www.orr-arquitectura.es\/fr\/wp-json\/wp\/v2\/types\/page"}],"author":[{"embeddable":true,"href":"https:\/\/www.orr-arquitectura.es\/fr\/wp-json\/wp\/v2\/users\/1"}],"replies":[{"embeddable":true,"href":"https:\/\/www.orr-arquitectura.es\/fr\/wp-json\/wp\/v2\/comments?post=554"}],"version-history":[{"count":35,"href":"https:\/\/www.orr-arquitectura.es\/fr\/wp-json\/wp\/v2\/pages\/554\/revisions"}],"predecessor-version":[{"id":1343,"href":"https:\/\/www.orr-arquitectura.es\/fr\/wp-json\/wp\/v2\/pages\/554\/revisions\/1343"}],"wp:featuredmedia":[{"embeddable":true,"href":"https:\/\/www.orr-arquitectura.es\/fr\/wp-json\/wp\/v2\/media\/1047"}],"wp:attachment":[{"href":"https:\/\/www.orr-arquitectura.es\/fr\/wp-json\/wp\/v2\/media?parent=554"}],"curies":[{"name":"wp","href":"https:\/\/api.w.org\/{rel}","templated":true}]}}