{"id":858,"date":"2020-03-13T09:12:58","date_gmt":"2020-03-13T09:12:58","guid":{"rendered":"https:\/\/www.orr-arquitectura.es\/contacto\/"},"modified":"2024-01-25T15:21:18","modified_gmt":"2024-01-25T15:21:18","slug":"nous-contacter","status":"publish","type":"page","link":"https:\/\/www.orr-arquitectura.es\/fr\/nous-contacter\/","title":{"rendered":"Nous Contacter"},"content":{"rendered":"<div  class=\"parallax \" data-image=\"https:\/\/www.orr-arquitectura.es\/wp-content\/uploads\/P-Contact-Us-image-header.jpg\" data-width=\"1920\" data-height=\"900\" style=\"height:200px; \"><\/div>\n<div  class=\"one withsmallpadding ppb_text\" style=\"padding:30px 0 30px 0;\" >\n<div class=\"standard_wrapper\">\n<div class=\"page_content_wrapper\">\n<div class=\"inner\">\n<div style=\"margin:auto;width:100%\">\n<h1 style=\"text-align: left;\"><em>Nous Contacter<\/em><\/h1>\n<p><span style=\"color: #dddddd;\">&#8212;-<\/span><\/p>\n<p style=\"text-align: left;\"><em>7 Nueva, 11130, Chiclana de la Frontera, Cadix, Andalousie, Espagne<\/em><br \/>\n<em>Tel: +34 956 401526.<\/em><br \/>\n<em>Horaires: Du lundi au vendredi de 8:00h \u00e0 14:00h.<\/em><\/p>\n<p style=\"text-align: left;\"><em>N\u2019h\u00e9sitez pas \u00e0 nous \u00e9crire, nous vous r\u00e9pondrons le plus rapidement possible.<\/em><\/p>\n<p><span style=\"color: #dddddd;\">&#8212;-<\/span><\/p>\n<p style=\"text-align: left;\">\n<div class=\"wpcf7 no-js\" id=\"wpcf7-f820-o1\" lang=\"es-ES\" dir=\"ltr\">\n<div class=\"screen-reader-response\">\n<p role=\"status\" aria-live=\"polite\" aria-atomic=\"true\">\n<ul><\/ul>\n<\/div>\n<form action=\"\/wp-admin\/post.php#wpcf7-f820-o1\" method=\"post\" class=\"wpcf7-form init\" aria-label=\"Formulario de contacto\" novalidate=\"novalidate\" data-status=\"init\">\n<div style=\"display: none;\">\n<input type=\"hidden\" name=\"_wpcf7\" value=\"820\" \/><br \/>\n<input type=\"hidden\" name=\"_wpcf7_version\" value=\"5.8.6\" \/><br \/>\n<input type=\"hidden\" name=\"_wpcf7_locale\" value=\"es_ES\" \/><br \/>\n<input type=\"hidden\" name=\"_wpcf7_unit_tag\" value=\"wpcf7-f820-o1\" \/><br \/>\n<input type=\"hidden\" name=\"_wpcf7_container_post\" value=\"0\" \/><br \/>\n<input type=\"hidden\" name=\"_wpcf7_posted_data_hash\" value=\"\" \/>\n<\/div>\n<p><label> (Tous les champs sont requis) <\/label>\n<\/p>\n<p><label> Votre nom<br \/>\n<span class=\"wpcf7-form-control-wrap\" data-name=\"your-name\"><input size=\"40\" class=\"wpcf7-form-control wpcf7-text wpcf7-validates-as-required\" aria-required=\"true\" aria-invalid=\"false\" value=\"\" type=\"text\" name=\"your-name\" \/><\/span> <\/label>\n<\/p>\n<p><label> Votre email<br \/>\n<span class=\"wpcf7-form-control-wrap\" data-name=\"your-email\"><input size=\"40\" class=\"wpcf7-form-control wpcf7-email wpcf7-validates-as-required wpcf7-text wpcf7-validates-as-email\" aria-required=\"true\" aria-invalid=\"false\" value=\"\" type=\"email\" name=\"your-email\" \/><\/span> <\/label>\n<\/p>\n<p><label> Sujet<br \/>\n<span class=\"wpcf7-form-control-wrap\" data-name=\"your-subject\"><input size=\"40\" class=\"wpcf7-form-control wpcf7-text wpcf7-validates-as-required\" aria-required=\"true\" aria-invalid=\"false\" value=\"\" type=\"text\" name=\"your-subject\" \/><\/span> <\/label>\n<\/p>\n<p><label> Votre message<br \/>\n<span class=\"wpcf7-form-control-wrap\" data-name=\"your-message\"><textarea cols=\"40\" rows=\"10\" maxlength=\"700\" minlength=\"20\" class=\"wpcf7-form-control wpcf7-textarea wpcf7-validates-as-required\" aria-required=\"true\" aria-invalid=\"false\" name=\"your-message\"><\/textarea><\/span> <\/label>\n<\/p>\n<p><span class=\"wpcf7-form-control-wrap\" data-name=\"Question\"><label><span class=\"wpcf7-quiz-label\">Quel num\u00e9ro est plus grand: 9 ou 7?<\/span> <input size=\"40\" class=\"wpcf7-form-control wpcf7-quiz\" autocomplete=\"off\" aria-required=\"true\" aria-invalid=\"false\" type=\"text\" name=\"Question\" \/><\/label><input type=\"hidden\" name=\"_wpcf7_quiz_answer_Question\" value=\"7130133b7a7ee50693f5cb7ddf77409a\" \/><\/span>\n<\/p>\n<p><label><small><span class=\"wpcf7-form-control-wrap\" data-name=\"agree\"><span class=\"wpcf7-form-control wpcf7-checkbox wpcf7-validates-as-required\"><span class=\"wpcf7-list-item first last\"><input type=\"checkbox\" name=\"agree[]\" value=\"J&#039;ai lu et j&#039;accepte les conditions concernant la loi sur la protection de donn\u00e9es personnelles (LOPD).\" \/><span class=\"wpcf7-list-item-label\">J&#039;ai lu et j&#039;accepte les conditions concernant la loi sur la protection de donn\u00e9es personnelles (LOPD).<\/span><\/span><\/span><\/span> <a style=\"color: #dd3333;\"href=\"#\" class=\"popmake-825\">Lire<\/a><\/small><\/label>\n<\/p>\n<p><input class=\"wpcf7-form-control wpcf7-submit has-spinner\" type=\"submit\" value=\"Envoyer\" \/>\n<\/p>\n<p><input type='hidden' class='wpcf7-pum' value='{\"closepopup\":false,\"closedelay\":0,\"openpopup\":false,\"openpopup_id\":0}' \/><\/p>\n<div class=\"wpcf7-response-output\" aria-hidden=\"true\"><\/div>\n<\/form>\n<\/div>\n<p><span style=\"color: #dddddd;\">&#8212;-<\/span><\/p>\n<p style=\"text-align: center;\"><a href=\"https:\/\/www.openstreetmap.org\/?mlat=36.41981&#038;mlon=-6.14793#map=17\/36.41981\/-6.14793\" target=\"_blank\" rel=\"nofollow noopener noreferrer\"><img decoding=\"async\" loading=\"lazy\" class=\"alignnone wp-image-757 size-full\" src=\"https:\/\/www.orr-arquitectura.es\/wp-content\/uploads\/Situ.jpg\" alt=\"\" width=\"1506\" height=\"600\" srcset=\"https:\/\/www.orr-arquitectura.es\/wp-content\/uploads\/Situ.jpg 1506w, https:\/\/www.orr-arquitectura.es\/wp-content\/uploads\/Situ-300x120.jpg 300w, https:\/\/www.orr-arquitectura.es\/wp-content\/uploads\/Situ-1024x408.jpg 1024w, https:\/\/www.orr-arquitectura.es\/wp-content\/uploads\/Situ-768x306.jpg 768w, https:\/\/www.orr-arquitectura.es\/wp-content\/uploads\/Situ-705x281.jpg 705w\" sizes=\"auto, (max-width: 1506px) 100vw, 1506px\" \/><\/a><small><\/small><\/p>\n<p style=\"text-align: center;\"><small><em>Pour ouvrir l&#8217;emplacement sur OpenStreetMap, appuyer sur l&#8217;image ou <\/em><a href=\"https:\/\/www.openstreetmap.org\/?mlat=36.41981&#038;mlon=-6.14793#map=17\/36.41981\/-6.14793\" target=\"_blank\" rel=\"nofollow noopener noreferrer\"><em>ici<\/em><\/a><\/small><\/p>\n<\/div>\n<\/div>\n<\/div>\n<\/div>\n<\/div>\n<div class=\"standard_wrapper\">\n<div  class=\"one\" style=\"padding:30px 0 30px 0;\" >\n<div class=\"page_content_wrapper\">\n<div class=\"inner\">\n<div class=\"image_classic_frame expand animate\">\n<div class=\"image_wrapper\"><a href=\"https:\/\/www.orr-arquitectura.es\/wp-content\/uploads\/P-Contact-Us-image-footer.jpg\" class=\"img_frame\"><img decoding=\"async\" src=\"https:\/\/www.orr-arquitectura.es\/wp-content\/uploads\/P-Contact-Us-image-footer.jpg\" alt=\"\" class=\"portfolio_img\"\/><\/a><\/div>\n<\/div>\n<\/div>\n<\/div>\n<\/div>\n<\/div>\n","protected":false},"excerpt":{"rendered":"<p>Nous Contacter &#8212;- 7 Nueva, 11130, Chiclana de la Frontera, Cadix, Andalousie, Espagne Tel: +34 956 401526. Horaires: Du lundi au vendredi de 8:00h \u00e0 14:00h. N\u2019h\u00e9sitez pas \u00e0 nous \u00e9crire, nous vous r\u00e9pondrons le plus rapidement possible. &#8212;- (Tous [&hellip;]<\/p>\n","protected":false},"author":1,"featured_media":0,"parent":0,"menu_order":0,"comment_status":"closed","ping_status":"closed","template":"","meta":{"footnotes":""},"class_list":["post-858","page","type-page","status-publish","hentry"],"_links":{"self":[{"href":"https:\/\/www.orr-arquitectura.es\/fr\/wp-json\/wp\/v2\/pages\/858","targetHints":{"allow":["GET"]}}],"collection":[{"href":"https:\/\/www.orr-arquitectura.es\/fr\/wp-json\/wp\/v2\/pages"}],"about":[{"href":"https:\/\/www.orr-arquitectura.es\/fr\/wp-json\/wp\/v2\/types\/page"}],"author":[{"embeddable":true,"href":"https:\/\/www.orr-arquitectura.es\/fr\/wp-json\/wp\/v2\/users\/1"}],"replies":[{"embeddable":true,"href":"https:\/\/www.orr-arquitectura.es\/fr\/wp-json\/wp\/v2\/comments?post=858"}],"version-history":[{"count":27,"href":"https:\/\/www.orr-arquitectura.es\/fr\/wp-json\/wp\/v2\/pages\/858\/revisions"}],"predecessor-version":[{"id":1423,"href":"https:\/\/www.orr-arquitectura.es\/fr\/wp-json\/wp\/v2\/pages\/858\/revisions\/1423"}],"wp:attachment":[{"href":"https:\/\/www.orr-arquitectura.es\/fr\/wp-json\/wp\/v2\/media?parent=858"}],"curies":[{"name":"wp","href":"https:\/\/api.w.org\/{rel}","templated":true}]}}